{"id":927,"date":"2025-11-30T17:22:55","date_gmt":"2025-11-30T16:22:55","guid":{"rendered":"https:\/\/www.factorysensesoftware.at\/?page_id=927"},"modified":"2026-01-01T19:32:30","modified_gmt":"2026-01-01T18:32:30","slug":"factorysense","status":"publish","type":"page","link":"https:\/\/www.factorysensesoftware.at\/","title":{"rendered":"Factorysense"},"content":{"rendered":"<div id=\"pl-gb927-69fb22616daa5\"  class=\"panel-layout\" ><div id=\"pg-gb927-69fb22616daa5-0\"  class=\"panel-grid panel-has-style\" ><div class=\"meteorite-parallax panel-row-style panel-row-style-for-gb927-69fb22616daa5-0\" style=\"padding-top: 100px; padding-bottom: 100px; \" id=\"FactorysenseRow\" data-overlay=\"true\" data-overlay-color=\"#000000\" ><div id=\"pgc-gb927-69fb22616daa5-0-0\"  class=\"panel-grid-cell\" ><div id=\"panel-gb927-69fb22616daa5-0-0-0\" class=\"widget_text so-panel widget widget_custom_html panel-first-child panel-last-child\" data-index=\"0\" ><div style=\"text-align: left;\" data-title-color=\"#444444\" data-headings-color=\"#444444\" class=\"widget_text panel-widget-style panel-widget-style-for-gb927-69fb22616daa5-0-0-0\" ><div class=\"textwidget custom-html-widget\"><div style=\"text-align: justify\">\n<p>\u00dcber zwei Jahrzehnte Berufsalltag in der industriellen IT. Von Level 1 (Basisautomatisierung) \u00fcber Level 2 (Prozessoptimierung) zu Level 3 (MES) und Level 4 (ERP). Von .Net\/C# und SAP ABAP zu WPF, SAPUI5, OpenUI5, weiter zu Oracle und MS Sql Server. Da l\u00e4sst es sich nur mit einem sucht\u00e4hnlichem Zustand erkl\u00e4ren, dass auch die Freizeit mit diversen IT-Projekten verbracht wird. Und ebendiese m\u00f6chte ich auf dieser Plattform pr\u00e4sentieren, diskutieren und vielleicht dem ein oder anderen damit auch weiterhelfen. Ich freue mich \u00fcber eine angeregte Diskussion \u00fcber mehr oder weniger weltver\u00e4ndernde Themen und Projekte.<\/p>\n<\/div><\/div><\/div><\/div><\/div><\/div><\/div><\/div>\n\n<div id=\"pl-gb927-69fb22616ddeb\"  class=\"panel-layout\" ><div id=\"pg-gb927-69fb22616ddeb-0\"  class=\"panel-grid panel-has-style\" ><div class=\"meteorite-parallax mob-pad-0 panel-row-style panel-row-style-for-gb927-69fb22616ddeb-0\" style=\"padding-top: 100px; padding-bottom: 100px; \" id=\"ProjectsRow\" data-overlay=\"true\" data-overlay-color=\"#000000\" ><div id=\"pgc-gb927-69fb22616ddeb-0-0\"  class=\"panel-grid-cell\" ><div id=\"panel-gb927-69fb22616ddeb-0-0-0\" class=\"so-panel widget widget_siteorigin-panels-builder panel-first-child panel-last-child\" data-index=\"0\" ><div style=\"text-align: left;\" data-title-color=\"#444444\" data-headings-color=\"#444444\" class=\"panel-widget-style panel-widget-style-for-gb927-69fb22616ddeb-0-0-0\" ><div id=\"pl-w6956bdbd52057\"  class=\"panel-layout\" ><div id=\"pg-w6956bdbd52057-0\"  class=\"panel-grid panel-has-style\" ><div class=\"meteorite-parallax panel-row-style panel-row-style-for-w6956bdbd52057-0\" style=\"padding-top: 100px; padding-bottom: 100px; \" data-overlay=\"true\" data-overlay-color=\"#000000\" ><div id=\"pgc-w6956bdbd52057-0-0\"  class=\"panel-grid-cell\" ><div id=\"panel-w6956bdbd52057-0-0-0\" class=\"widget_text so-panel widget widget_custom_html panel-first-child panel-last-child\" data-index=\"0\" ><div style=\"text-align: left;\" data-title-color=\"#444444\" data-headings-color=\"#444444\" class=\"widget_text panel-widget-style panel-widget-style-for-w6956bdbd52057-0-0-0\" ><div class=\"textwidget custom-html-widget\"><h4 style=\"text-align: center;\">Energieoptimierung<\/h4>\n\n<div class=\"wp-block-image\"><figure class=\"aligncenter size-large\"><img decoding=\"async\" src=\"https:\/\/www.factorysensesoftware.at\/wp-content\/uploads\/2026\/01\/Energieoptimierung.png\" alt=\"\" class=\"wp-image-523\"\/><\/figure><\/div>\n\n<div style=\"text-align: justify\">\n<p>Projekt zur Optimierung der Einschaltzeiten einer Vaillant W\u00e4rmepumpe um variable Stromkosten zu reduzieren und gleichzeitig den Betrieb hinisichtlich COP Werte bei vorteilhaften Betriebstemperaturen zu verbessern.<\/p>\n<\/div>\n\n<div class=\"wp-block-button\" style=\"text-align: center\">\n<p><a class=\"meteorite-button\" href=\"https:\/\/www.factorysensesoftware.at\/index.php\/energieoptimierung\/#Malefiz\">Mehr&#8230;<\/a><\/p>\n<\/div><\/div><\/div><\/div><\/div><div id=\"pgc-w6956bdbd52057-0-1\"  class=\"panel-grid-cell\" ><div id=\"panel-w6956bdbd52057-0-1-0\" class=\"widget_text so-panel widget widget_custom_html panel-first-child panel-last-child\" data-index=\"1\" ><div style=\"text-align: left;\" data-title-color=\"#444444\" data-headings-color=\"#444444\" class=\"widget_text panel-widget-style panel-widget-style-for-w6956bdbd52057-0-1-0\" ><div class=\"textwidget custom-html-widget\"><h4 style=\"text-align: center;\">Minigolf<\/h4>\n\n<div class=\"wp-block-image\"><figure class=\"aligncenter size-large\"><img decoding=\"async\" src=\"https:\/\/www.factorysensesoftware.at\/wp-content\/uploads\/2025\/11\/Minigolf.png\" alt=\"\" class=\"wp-image-523\"\/><\/figure><\/div>\n\n<div style=\"text-align: justify\">\n\t<p>Mobile Minigolf Punktekarte mit Bahnstatistiken und Gesamtplatzierung, Mehrsprachigkeit, Insights zum Kundenverhalten f\u00fcr Platzbetreiber, zielgruppenorientierte Werbung, und vielem mehr.<\/p>\n<\/div>\n\n<div class=\"wp-block-button\" style=\"text-align: center\">\n<p><a class=\"meteorite-button\" href=\"https:\/\/www.factorysensesoftware.at\/index.php\/minigolf\/\">Mehr&#8230;<\/a><\/p>\n<\/div><\/div><\/div><\/div><\/div><\/div><\/div><\/div><\/div><\/div><\/div><\/div><\/div><\/div>\n\n\n<p><\/p>\n","protected":false},"excerpt":{"rendered":"","protected":false},"author":1,"featured_media":0,"parent":0,"menu_order":0,"comment_status":"closed","ping_status":"closed","template":"page-templates\/page_fullwidth.php","meta":{"footnotes":""},"class_list":["post-927","page","type-page","status-publish","hentry"],"_links":{"self":[{"href":"https:\/\/www.factorysensesoftware.at\/index.php\/wp-json\/wp\/v2\/pages\/927","targetHints":{"allow":["GET"]}}],"collection":[{"href":"https:\/\/www.factorysensesoftware.at\/index.php\/wp-json\/wp\/v2\/pages"}],"about":[{"href":"https:\/\/www.factorysensesoftware.at\/index.php\/wp-json\/wp\/v2\/types\/page"}],"author":[{"embeddable":true,"href":"https:\/\/www.factorysensesoftware.at\/index.php\/wp-json\/wp\/v2\/users\/1"}],"replies":[{"embeddable":true,"href":"https:\/\/www.factorysensesoftware.at\/index.php\/wp-json\/wp\/v2\/comments?post=927"}],"version-history":[{"count":39,"href":"https:\/\/www.factorysensesoftware.at\/index.php\/wp-json\/wp\/v2\/pages\/927\/revisions"}],"predecessor-version":[{"id":1114,"href":"https:\/\/www.factorysensesoftware.at\/index.php\/wp-json\/wp\/v2\/pages\/927\/revisions\/1114"}],"wp:attachment":[{"href":"https:\/\/www.factorysensesoftware.at\/index.php\/wp-json\/wp\/v2\/media?parent=927"}],"curies":[{"name":"wp","href":"https:\/\/api.w.org\/{rel}","templated":true}]}}