{"id":949,"date":"2025-11-30T18:38:16","date_gmt":"2025-11-30T17:38:16","guid":{"rendered":"https:\/\/www.factorysensesoftware.at\/?page_id=949"},"modified":"2026-02-08T11:33:50","modified_gmt":"2026-02-08T10:33:50","slug":"energieoptimierung","status":"publish","type":"page","link":"https:\/\/www.factorysensesoftware.at\/index.php\/energieoptimierung\/","title":{"rendered":"Energieoptimierung"},"content":{"rendered":"<div id=\"pl-gb949-69fb30f1c44c7\"  class=\"panel-layout\" ><div id=\"pg-gb949-69fb30f1c44c7-0\"  class=\"panel-grid panel-has-style\" ><div class=\"meteorite-parallax panel-row-style panel-row-style-for-gb949-69fb30f1c44c7-0\" style=\"padding-top: 100px; padding-bottom: 100px; \" data-overlay=\"true\" data-overlay-color=\"#000000\" ><div id=\"pgc-gb949-69fb30f1c44c7-0-0\"  class=\"panel-grid-cell\" ><div id=\"panel-gb949-69fb30f1c44c7-0-0-0\" class=\"widget_text so-panel widget widget_custom_html panel-first-child panel-last-child\" data-index=\"0\" ><div style=\"text-align: left;\" id=\"Malefiz\" data-title-color=\"#444444\" data-headings-color=\"#444444\" class=\"widget_text panel-widget-style panel-widget-style-for-gb949-69fb30f1c44c7-0-0-0\" ><h3 class=\"widget-title\">Malefiz,&#8230;<\/h3><div class=\"textwidget custom-html-widget\"><div style=\"text-align: justify\">\n<p>&#8230; warum muss meine Luftw\u00e4rmepumpe ausgerechnet dann emsig zur Tat schreiten, wenn die variablen Stromkosten unertr\u00e4glich hoch sind. Vermutlich liegt die Au\u00dfentemperatur g\u00fcnstig f\u00fcr einen guten COP Wert? Verdammte Axt: Nein! Es ist 7 Uhr morgens und der Schnee rieselt leise. Zeit sich \u00fcber eine L\u00f6sung zur Energieoptimierung Gedanken zu machen.<\/p>\n\t\n<p>Gl\u00fccklicherweise habe ich nicht ganz unbewusst vorgesorgt, als ich vor etwas \u00fcber einem Jahr den guten, alten Viessman \u00d6lkessel aufgrund eines verkalkten Pufferspeichers in Bausch und Bogen mit sonstigem Unrat in meinem Heizungskeller entsorgte.<\/p>\n<\/div><\/div><\/div><\/div><\/div><\/div><\/div><div id=\"pg-gb949-69fb30f1c44c7-1\"  class=\"panel-grid panel-has-style\" ><div class=\"meteorite-parallax panel-row-style panel-row-style-for-gb949-69fb30f1c44c7-1\" style=\"padding-top: 100px; padding-bottom: 100px; \" data-overlay=\"true\" data-overlay-color=\"#000000\" ><div id=\"pgc-gb949-69fb30f1c44c7-1-0\"  class=\"panel-grid-cell\" ><div id=\"panel-gb949-69fb30f1c44c7-1-0-0\" class=\"widget_text so-panel widget widget_custom_html panel-first-child panel-last-child\" data-index=\"1\" ><div style=\"text-align: left;\" data-title-color=\"#444444\" data-headings-color=\"#444444\" class=\"widget_text panel-widget-style panel-widget-style-for-gb949-69fb30f1c44c7-1-0-0\" ><div class=\"textwidget custom-html-widget\"><h4 style=\"text-align: center;\">Vaillant<\/h4>\n\n<div class=\"wp-block-image\"><figure class=\"aligncenter size-large\"><img decoding=\"async\" src=\"https:\/\/www.factorysensesoftware.at\/wp-content\/uploads\/2025\/12\/VaillantArotherm1256.png\" alt=\"\" class=\"wp-image-523\" style=\"display: block; margin: 0 auto; height: 20vh; width=auto;\"\/><\/figure><\/div>\n\n<div style=\"text-align: justify\">\n<p>Vor allem ein gutes Servicenetz, ein vertrauter Name und ein Interface zur Loxone Homeautomation gaben den Ausschlag f\u00fcr die Luftw\u00e4rmepumpe Vaillant aroTHERM plus VWL 125\/6.<\/p>\n<\/div><\/div><\/div><\/div><\/div><div id=\"pgc-gb949-69fb30f1c44c7-1-1\"  class=\"panel-grid-cell\" ><div id=\"panel-gb949-69fb30f1c44c7-1-1-0\" class=\"widget_text so-panel widget widget_custom_html panel-first-child panel-last-child\" data-index=\"2\" ><div style=\"text-align: left;\" data-title-color=\"#444444\" data-headings-color=\"#444444\" class=\"widget_text panel-widget-style panel-widget-style-for-gb949-69fb30f1c44c7-1-1-0\" ><div class=\"textwidget custom-html-widget\"><h4 style=\"text-align: center;\">Puffer<\/h4>\n\n<div class=\"wp-block-image\"><figure class=\"aligncenter size-large\"><img decoding=\"async\" src=\"https:\/\/www.factorysensesoftware.at\/wp-content\/uploads\/2025\/12\/Puffer.png\" alt=\"\" class=\"wp-image-523\" style=\"display: block; margin: 0 auto; height: 20vh; width=auto;\"\/><\/figure><\/div>\n\n<div style=\"text-align: justify\">\n<p>500l f\u00fcr Domestic Hot Water und ein 800l Heizungspuffer. Zu gro\u00df? Nicht wenn man Energie speichern m\u00f6chte.<\/p>\n<\/div><\/div><\/div><\/div><\/div><div id=\"pgc-gb949-69fb30f1c44c7-1-2\"  class=\"panel-grid-cell\" ><div id=\"panel-gb949-69fb30f1c44c7-1-2-0\" class=\"widget_text so-panel widget widget_custom_html panel-first-child panel-last-child\" data-index=\"3\" ><div style=\"text-align: left;\" data-title-color=\"#444444\" data-headings-color=\"#444444\" class=\"widget_text panel-widget-style panel-widget-style-for-gb949-69fb30f1c44c7-1-2-0\" ><div class=\"textwidget custom-html-widget\"><h4 style=\"text-align: center;\">PV und Solar<\/h4>\n\n<div class=\"wp-block-image\"><figure class=\"aligncenter size-large\"><img decoding=\"async\" src=\"https:\/\/www.factorysensesoftware.at\/wp-content\/uploads\/2025\/12\/PV.png\" alt=\"\" class=\"wp-image-523\" style=\"display: block; margin: 0 auto; height: 20vh; width=auto;\"\/><\/figure><\/div>\n\n<div style=\"text-align: justify\">\n<p>5kWp und ein Fronius Wechselrichter sorgen vor Allem im Sommer und in der \u00dcbergangszeit f\u00fcr Entlastung im Portmonnaie. Dazu 10m\u00b2 thermische Solar f\u00fcr Warmwasser und Heizung.<\/p>\n<\/div><\/div><\/div><\/div><\/div><div id=\"pgc-gb949-69fb30f1c44c7-1-3\"  class=\"panel-grid-cell\" ><div id=\"panel-gb949-69fb30f1c44c7-1-3-0\" class=\"widget_text so-panel widget widget_custom_html panel-first-child panel-last-child\" data-index=\"4\" ><div style=\"text-align: left;\" data-title-color=\"#444444\" data-headings-color=\"#444444\" class=\"widget_text panel-widget-style panel-widget-style-for-gb949-69fb30f1c44c7-1-3-0\" ><div class=\"textwidget custom-html-widget\"><h4 style=\"text-align: center;\">Loxone<\/h4>\n\n<div class=\"wp-block-image\"><figure class=\"aligncenter size-large\"><img decoding=\"async\" src=\"https:\/\/www.factorysensesoftware.at\/wp-content\/uploads\/2025\/12\/Loxone.png\" alt=\"\" class=\"wp-image-523\" style=\"display: block; margin: 0 auto; height: 20vh; width=auto;\"\/><\/figure><\/div>\n\n<div style=\"text-align: justify\">\n<p>Mischerregelung, Einzelraumregelung und Solarsteuerung. Nur einige der Anwendungen meiner beiden Miniserver. Und nun auch energieoptimierter W\u00e4rmepumpenbetrieb.<\/p>\n<\/div><\/div><\/div><\/div><\/div><\/div><\/div><div id=\"pg-gb949-69fb30f1c44c7-2\"  class=\"panel-grid panel-has-style\" ><div class=\"meteorite-parallax panel-row-style panel-row-style-for-gb949-69fb30f1c44c7-2\" style=\"padding-top: 0px; padding-bottom: 0px; \" data-overlay=\"true\" data-overlay-color=\"#000000\" ><div id=\"pgc-gb949-69fb30f1c44c7-2-0\"  class=\"panel-grid-cell\" ><div id=\"panel-gb949-69fb30f1c44c7-2-0-0\" class=\"widget_text so-panel widget widget_custom_html panel-first-child panel-last-child\" data-index=\"5\" ><div style=\"text-align: left;\" data-title-color=\"#444444\" data-headings-color=\"#444444\" class=\"widget_text panel-widget-style panel-widget-style-for-gb949-69fb30f1c44c7-2-0-0\" ><div class=\"textwidget custom-html-widget\"><div style=\"text-align: justify\">\n<p>Nun Bedarf es nur noch etwas Intelligenz um das Setup optimal anzusteuern um vielleicht den ein oder anderen Groschen zu sparen. Mal schnell ein, zwei Hand voll Formeln aufgestellt, einen CP Solver gef\u00fcttert und h\u00fcbsch in eine REST API verpackt, den Reigen in der Wolke eingemietet und meine Loxone als Botschafter zwischen Himmel und allem Irdischen eingesetzt. Fertig! Und ob all das tats\u00e4chlich so sang- und klanglos von statten geht, l\u00e4sst sich in den folgenden Beitr\u00e4gen nachlesen.<\/p>\n<p>Diese Ausarbeitung soll einerseits die Ergebnisse und M\u00f6glichkeiten eines Energieoptimierungssystems aufzeigen, vor allem aber auch den Weg dorthin beschreiben. Es finden sich vielerorts aufpolierte Marketingfolien, welche das Thema behandeln. Die Suche nach einer genauen Anleitung f\u00fcr die Umsetzung gestaltet sich jedoch h\u00e4ufig schwierig. Vor allem die zahlreichen Detailprobleme, die einem auf der Reise begegnen, passen meist nicht ganz in die nachvollziehbarerweise vereinfachten Verkaufsmessages. Auch wenn in meiner Konfiguration nicht alle m\u00f6glichen Aspekte eines Energieoptimierungssystems inkludiert sind \u2013 Stichwort Elektroauto (dazu bin ich einfach mit meinem aktuellen Fuhrpark einfach zu zufrieden) oder auch Batteriespeicher \u2013 hoffe ich doch f\u00fcr den ein oder anderen ein paar hilfreiche Informationen liefern zu k\u00f6nnen.<\/p>\n<\/div><\/div><\/div><\/div><\/div><\/div><\/div><div id=\"pg-gb949-69fb30f1c44c7-3\"  class=\"panel-grid panel-has-style\" ><div class=\"meteorite-parallax panel-row-style panel-row-style-for-gb949-69fb30f1c44c7-3\" style=\"padding-top: 100px; padding-bottom: 100px; \" data-overlay=\"true\" data-overlay-color=\"#000000\" ><div id=\"pgc-gb949-69fb30f1c44c7-3-0\"  class=\"panel-grid-cell\" >\n\t\t<div id=\"panel-gb949-69fb30f1c44c7-3-0-0\" class=\"so-panel widget widget_recent-posts widget_recent_entries panel-first-child panel-last-child\" data-index=\"6\" ><div style=\"text-align: left;\" data-title-color=\"#444444\" data-headings-color=\"#444444\" class=\"panel-widget-style panel-widget-style-for-gb949-69fb30f1c44c7-3-0-0\" >\n\t\t<h3 class=\"widget-title\">Es gibt nichts Gutes au\u00dfer man tut es<\/h3>\n\t\t<ul>\n\t\t\t\t\t\t\t\t\t\t\t<li>\n\t\t\t\t\t<a href=\"https:\/\/www.factorysensesoftware.at\/index.php\/2026\/01\/01\/ueberblick\/\">\u00dcberblick Energieoptimierung<\/a>\n\t\t\t\t\t\t\t\t\t<\/li>\n\t\t\t\t\t\t\t\t\t\t\t<li>\n\t\t\t\t\t<a href=\"https:\/\/www.factorysensesoftware.at\/index.php\/2026\/01\/01\/ergebnisse\/\">Ergebnisse Energieoptimierung<\/a>\n\t\t\t\t\t\t\t\t\t<\/li>\n\t\t\t\t\t\t\t\t\t\t\t<li>\n\t\t\t\t\t<a href=\"https:\/\/www.factorysensesoftware.at\/index.php\/2026\/01\/01\/optimierungsmodell\/\">Energieoptimierungsmodell<\/a>\n\t\t\t\t\t\t\t\t\t<\/li>\n\t\t\t\t\t\t\t\t\t\t\t<li>\n\t\t\t\t\t<a href=\"https:\/\/www.factorysensesoftware.at\/index.php\/2026\/01\/01\/optimization-web-api\/\">Energy Optimization Web API<\/a>\n\t\t\t\t\t\t\t\t\t<\/li>\n\t\t\t\t\t\t\t\t\t\t\t<li>\n\t\t\t\t\t<a href=\"https:\/\/www.factorysensesoftware.at\/index.php\/2026\/01\/01\/loxone-integration\/\">Loxone Integration Energieoptimierung<\/a>\n\t\t\t\t\t\t\t\t\t<\/li>\n\t\t\t\t\t\t\t\t\t\t\t<li>\n\t\t\t\t\t<a href=\"https:\/\/www.factorysensesoftware.at\/index.php\/2026\/01\/01\/vaillant-integration\/\">Vaillant Integration Energieoptimierung<\/a>\n\t\t\t\t\t\t\t\t\t<\/li>\n\t\t\t\t\t\t\t\t\t\t\t<li>\n\t\t\t\t\t<a href=\"https:\/\/www.factorysensesoftware.at\/index.php\/2026\/01\/01\/analyse\/\">Analysetools Energieoptimierung<\/a>\n\t\t\t\t\t\t\t\t\t<\/li>\n\t\t\t\t\t<\/ul>\n\n\t\t<\/div><\/div><\/div><\/div><\/div><\/div>\n\n\n<p><\/p>\n","protected":false},"excerpt":{"rendered":"","protected":false},"author":1,"featured_media":971,"parent":0,"menu_order":0,"comment_status":"closed","ping_status":"closed","template":"","meta":{"footnotes":""},"class_list":["post-949","page","type-page","status-publish","has-post-thumbnail","hentry"],"_links":{"self":[{"href":"https:\/\/www.factorysensesoftware.at\/index.php\/wp-json\/wp\/v2\/pages\/949","targetHints":{"allow":["GET"]}}],"collection":[{"href":"https:\/\/www.factorysensesoftware.at\/index.php\/wp-json\/wp\/v2\/pages"}],"about":[{"href":"https:\/\/www.factorysensesoftware.at\/index.php\/wp-json\/wp\/v2\/types\/page"}],"author":[{"embeddable":true,"href":"https:\/\/www.factorysensesoftware.at\/index.php\/wp-json\/wp\/v2\/users\/1"}],"replies":[{"embeddable":true,"href":"https:\/\/www.factorysensesoftware.at\/index.php\/wp-json\/wp\/v2\/comments?post=949"}],"version-history":[{"count":60,"href":"https:\/\/www.factorysensesoftware.at\/index.php\/wp-json\/wp\/v2\/pages\/949\/revisions"}],"predecessor-version":[{"id":1291,"href":"https:\/\/www.factorysensesoftware.at\/index.php\/wp-json\/wp\/v2\/pages\/949\/revisions\/1291"}],"wp:featuredmedia":[{"embeddable":true,"href":"https:\/\/www.factorysensesoftware.at\/index.php\/wp-json\/wp\/v2\/media\/971"}],"wp:attachment":[{"href":"https:\/\/www.factorysensesoftware.at\/index.php\/wp-json\/wp\/v2\/media?parent=949"}],"curies":[{"name":"wp","href":"https:\/\/api.w.org\/{rel}","templated":true}]}}